{"id":2461,"date":"2014-06-27T13:41:28","date_gmt":"2014-06-27T11:41:28","guid":{"rendered":"http:\/\/zierhut.cmstest.de\/?page_id=2461"},"modified":"2024-06-06T02:42:55","modified_gmt":"2024-06-06T00:42:55","slug":"office","status":"publish","type":"page","link":"https:\/\/www.zierhut-architekten.de\/en\/office\/","title":{"rendered":"Office"},"content":{"rendered":"<div class=\"one-half\">\n<h4 style=\"margin-bottom: 0;\">Public clients<\/h4>\n<\/div>\n<div class=\"one-half last\">\n<div style=\"line-height: 20px;\">BBR- Bundesamt f\u00fcr Bauwesen und Raumordnung<br \/>\nBerliner Bezirks\u00e4mter (u.a. Tempelhof- Sch\u00f6neberg)<br \/>\nBIM- Berliner Immobilienmanagement<br \/>\nBLB- Brandenburgischer Landesbetrieb f\u00fcr Liegenschaften und Bauen<br \/>\nErzbisch\u00f6fliches Ordinariat Berlin<br \/>\nKommunaler Immobilienservice Potsdam (ehem. Hochbauamt Potsdam)<br \/>\nLandesbauamt Potsdam<br \/>\nMartin-Luther-Universit\u00e4t Halle an der Saale<br \/>\nPro Potsdam\/ Sanierungstr\u00e4ger der Landeshauptstadt Potsdam<br \/>\nSenatsverwaltung f\u00fcr Stadtentwicklung Berlin<br \/>\nStaatshochbauamt Halle an der Saale<br \/>\nStiftung Preu\u00dfische Schl\u00f6sser und G\u00e4rten Berlin-Brandenburg<\/div>\n<\/div>\n<div class=\"divider-border\" style=\"border-top: 1px solid #eee; margin-top: 30px; margin-bottom: 30px;\"><\/div>\n<div class=\"one-half\">\n<h4 style=\"margin-bottom: 0;\">Private clients<\/h4>\n<\/div>\n<div class=\"one-half last\">\n<div style=\"line-height: 20px;\">bdp-real estate GmbH<br \/>\nBluerock Oportunities<br \/>\nBohn Zirlewagen GmbH<br \/>\nDeutsche Bank AG Berlin<br \/>\nDrees + Sommer GmbH<br \/>\nDuff &#038; Phelps REAG GmbH<br \/>\nFreie Waldorfschulen Berlin e.V.<br \/>\nGewobag<br \/>\nLadon Verwaltungsgesellschaft mbH<br \/>\nW\u00fcrttembergische Lebensversicherung AG<\/div>\n<\/div>\n<div class=\"divider-border\" style=\"border-top: 1px solid #eee; margin-top: 30px; margin-bottom: 30px;\"><\/div>\n<div class=\"one-half\">\n<h4 style=\"margin-bottom: 0;\">Founding<\/h4>\n<\/div>\n<div class=\"one-half last\">\n<h4 style=\"margin-bottom: 0;\">1999<\/h4>\n<\/div>\n<div class=\"divider-border\" style=\"border-top: 1px solid #eee; margin-top: 30px; margin-bottom: 30px;\"><\/div>\n<div class=\"fuller\">\n<div class=\"one-half\">\n<img decoding=\"async\" src=\"\/wp-content\/uploads\/2024\/06\/kirsten-zierhut-1.jpg\" width=\"170\" \/><\/p>\n<h3 style=\"padding-left: 0px; margin-bottom: 20px;\">Kirsten Zierhut<\/h3>\n<div class=\"cv-block\">\n<p class=\"entry\">\n    <span class=\"year\">1987-1988<\/span><span class=\"text\">Studies in french at Sorbonne University in Paris<\/span>\n<\/p>\n<p class=\"entry\">\n    <span class=\"year\">1988-1990<\/span><span class=\"text\">Studies in architecture at RWTH Aachen, Bachelor<\/span>\n<\/p>\n<p class=\"entry\">\n    <span class=\"year\">1990-1995<\/span><span class=\"text\">Studies in architecture at School of architecture Paris- Belleville<\/span>\n<\/p>\n<p class=\"entry\">\n    <span class=\"year\">1994<\/span><span class=\"text\">Free- lance colaboration at Joppien Dietz architects, Berlin<\/span>\n<\/p>\n<p class=\"entry\">\n    <span class=\"year\">1995<\/span><span class=\"text\">Free- lance colaboration at Sauerbruch Hutton architects, Berlin<\/span>\n<\/p>\n<p class=\"entry\">\n    <span class=\"year\">1996<\/span><span class=\"text\">Diploma Dplg with mention at School of architecture, Paris<\/span>\n<\/p>\n<p class=\"entry\">\n    <span class=\"year\">1996-1997<\/span><span class=\"text\">Free-lance colaboration for Bundeswirtschaftsministerium at Baumann Schnittger architects, Berlin<\/span>\n<\/p>\n<p class=\"entry\">\n    <span class=\"year\">1997-1999<\/span><span class=\"text\">Free-lance colaboration for Potsdamer Platz at Renzo Piano Building Workshop, Berlin and Paris<\/span>\n<\/p>\n<p class=\"entry\">\n    <span class=\"year\">1999<\/span><span class=\"text\">Member of the chamber of architects in Nordrhein- Westfalen<\/span>\n<\/p>\n<p class=\"entry\">\n    <span class=\"year\">2000<\/span><span class=\"text\">Office- partnership with Walter Zierhut, Zierhut Architekten GbR<\/span>\n<\/p>\n<p class=\"entry\">\n    <span class=\"year\">2008<\/span><span class=\"text\">Member of the chamber of architects in Berlin<\/span>\n<\/p>\n<\/div>\n<\/div>\n<div class=\"one-half last\">\n<img decoding=\"async\" src=\"\/wp-content\/uploads\/2024\/06\/walter-zierhut.jpg\" width=\"170\" \/><\/p>\n<h3 style=\"padding-left: 0px; margin-bottom: 20px;\">Walter Zierhut<\/h3>\n<div class=\"cv-block\">\n<p class=\"entry\">\n    <span class=\"year\">1985-1990<\/span><span class=\"text\">Studies in architecture at TU- Berlin and TU- Munich<\/span>\n<\/p>\n<p class=\"entry\">\n    <span class=\"year\">1990<\/span><span class=\"text\">Diploma (Dipl.- Ing.) at TU- Munich<\/span>\n<\/p>\n<p class=\"entry\">\n    <span class=\"year\">1990-1991<\/span><span class=\"text\">Free- lance colaboration at Wabnitz architects, Munich<\/span>\n<\/p>\n<p class=\"entry\">\n    <span class=\"year\">1992-1996 <\/span><span class=\"text\">Project- manager at Quick B\u00e4ckmann architects Berlin<\/span>\n<\/p>\n<p class=\"entry\">\n    <span class=\"year\">1993 <\/span><span class=\"text\">Member of the chamber of architects in Berlin<\/span>\n<\/p>\n<p class=\"entry\">\n    <span class=\"year\">1995 <\/span><span class=\"text\">Member of the chamber of architects in Bayern<\/span>\n<\/p>\n<p class=\"entry\">\n    <span class=\"year\">1996-1997 <\/span><span class=\"text\">Office- manager at Prof. Deilmann architects, Potsdam<\/span>\n<\/p>\n<p class=\"entry\">\n    <span class=\"year\">1997-1999 <\/span><span class=\"text\">Partner in ASS Zierhut GbR, Potsdam<\/span>\n<\/p>\n<p class=\"entry\">\n    <span class=\"year\">1999 <\/span><span class=\"text\">Founding of Zierhut Architekten, architecture and historical monument preservation<\/span>\n<\/p>\n<p class=\"entry\">\n    <span class=\"year\">2000 <\/span><span class=\"text\">Certified health- and safety coordinator<\/span>\n<\/p>\n<p class=\"entry\">\n    <span class=\"year\">seit 2000 <\/span><span class=\"text\">Office- partnership with Kirsten Zierhut, Zierhut Architekten GbR<\/span>\n<\/p>\n<p class=\"entry\">\n    <span class=\"year\">2001 <\/span><span class=\"text\">Member of the chamber of architects in Brandenburg<\/span>\n<\/p>\n<\/div>\n<\/div>\n<\/p><\/div>\n<div class=\"fuller\">\n<\/div>\n<div class=\"divider-border\" style=\"border-top: 1px solid #eee; margin-top: 30px; margin-bottom: 30px;\"><\/div>\n<div class=\"one-half\">\n<h4 style=\"margin-bottom: 0;\">Buisiness form<\/h4>\n<\/div>\n<div class=\"one-half last\">\n<h4 style=\"margin-bottom: 0; line-height: 30px;\">Zierhut Architekten PartG mbH<\/h4>\n<\/div>\n<div class=\"divider-border\" style=\"border-top: 1px solid #eee; margin-top: 30px; margin-bottom: 30px;\"><\/div>\n<div class=\"one-half\">\n<h4 style=\"margin-bottom: 0;\">Team<\/h4>\n<\/div>\n<div class=\"one-half last\">\n<div style=\"line-height: 20px;\">Das Team im Wandel der Zeit:<br \/>\nB.Sc. Youn Hyung Cho, B.Sc. Douglas Miranda Fernandes,<br \/>\nM.Sc. Hyejin Cho, B. Eng. Andreas G\u00f6tzelmann,<br \/>\nFrau Anett Hausman, Dipl. Ing. Arch. Katja H\u00f6pfner,<br \/>\nDipl. Ing. Arch. Reymund Kirsten, Dipl. Ing. Arch. Christoph Koll,<br \/>\nDipl.-Ing. Alexandra Kopka, Dipl. Ing. Steffen Klussmann,<br \/>\nDipl. Ing. Arch. (FH) Christine Kral, Dipl. Ing. (FH) Bj\u00f6rn Laude,<br \/>\nM.A. Florian Liedtke, M.Sc. Fabian Lorenz,<br \/>\nDipl. Ing. Arch. Otto Maier, M.Arch. Leslie Morris,<br \/>\nFrau Stefanie Pieper, Frau Beatrice Scheller,<br \/>\nDipl. Ing. Arch. Dirk Scherdin, Frau Stefanie Siebert,<br \/>\nDipl. Ing. (FH) Kristin Weber, Herr Thomas Weber,<br \/>\nB.Sc. Anna Maria Witkowska, Dipl. Ing. Uta Wurzler,<br \/>\nM.Sc. Fatmanur Zengin<\/div>\n<\/div>\n<div class=\"divider-border\" style=\"border-top: 1px solid #eee; margin-top: 30px; margin-bottom: 30px;\"><\/div>\n<div class=\"one-half\">\n<h4 style=\"margin-bottom: 0;\">Office locations<\/h4>\n<\/div>\n<div class=\"one-half last\">\n<h4 style=\"margin-bottom: 0;\">Berlin, Bonn, M\u00fcnchen<\/h4>\n<\/div>\n","protected":false},"excerpt":{"rendered":"","protected":false},"author":2,"featured_media":0,"parent":0,"menu_order":0,"comment_status":"open","ping_status":"closed","template":"","meta":{"footnotes":""},"_links":{"self":[{"href":"https:\/\/www.zierhut-architekten.de\/en\/wp-json\/wp\/v2\/pages\/2461"}],"collection":[{"href":"https:\/\/www.zierhut-architekten.de\/en\/wp-json\/wp\/v2\/pages"}],"about":[{"href":"https:\/\/www.zierhut-architekten.de\/en\/wp-json\/wp\/v2\/types\/page"}],"author":[{"embeddable":true,"href":"https:\/\/www.zierhut-architekten.de\/en\/wp-json\/wp\/v2\/users\/2"}],"replies":[{"embeddable":true,"href":"https:\/\/www.zierhut-architekten.de\/en\/wp-json\/wp\/v2\/comments?post=2461"}],"version-history":[{"count":8,"href":"https:\/\/www.zierhut-architekten.de\/en\/wp-json\/wp\/v2\/pages\/2461\/revisions"}],"predecessor-version":[{"id":3441,"href":"https:\/\/www.zierhut-architekten.de\/en\/wp-json\/wp\/v2\/pages\/2461\/revisions\/3441"}],"wp:attachment":[{"href":"https:\/\/www.zierhut-architekten.de\/en\/wp-json\/wp\/v2\/media?parent=2461"}],"curies":[{"name":"wp","href":"https:\/\/api.w.org\/{rel}","templated":true}]}}