{"id":1926,"date":"2014-07-01T14:33:43","date_gmt":"2014-07-01T12:33:43","guid":{"rendered":"http:\/\/zierhut.cmstest.de\/?page_id=1926"},"modified":"2024-04-06T13:25:16","modified_gmt":"2024-04-06T11:25:16","slug":"imprint","status":"publish","type":"page","link":"https:\/\/www.zierhut-architekten.de\/en\/imprint\/","title":{"rendered":"Imprint"},"content":{"rendered":"<div class=\"one-half\">\n<h4 style=\"margin-bottom: 0;\">Chamber memberships<\/h4>\n<\/div>\n<div class=\"one-half last\">\n<div style=\"line-height: 20px;\">Bayern 173 330<br \/>\nBerlin 12908<br \/>\nBrandenburg A- 0051-01-A<\/div>\n<\/div>\n<div class=\"divider-border\" style=\"border-top: 1px solid #eee; margin-top: 30px; margin-bottom: 30px;\"><\/div>\n<div class=\"one-half\">\n<h4 style=\"margin-bottom: 0;\">Job description<\/h4>\n<\/div>\n<div class=\"one-half last\">\n<div style=\"line-height: 20px;\">Architect<\/div>\n<\/div>\n<div class=\"divider-border\" style=\"border-top: 1px solid #eee; margin-top: 30px; margin-bottom: 30px;\"><\/div>\n<div class=\"one-half\">\n<h4 style=\"margin-bottom: 0;\">USt. Id.<\/h4>\n<\/div>\n<div class=\"one-half last\">\n<div style=\"line-height: 20px;\">0460292 \/ 02574<\/div>\n<\/div>\n<div class=\"divider-border\" style=\"border-top: 1px solid #eee; margin-top: 30px; margin-bottom: 30px;\"><\/div>\n<div class=\"one-half\">\n<h4 style=\"margin-bottom: 0;\">Rules of professional conduct<\/h4>\n<\/div>\n<div class=\"one-half last\">\n<div style=\"line-height: 20px;\">Bayerische Architektenkammer<br \/>\nWaisenhausstra\u00dfe 4, 80637 M\u00fcnchen<br \/>\nTel. 089 \/ 13 98 80 &#8211; 0<br \/>\n<a href=\"https:\/\/www.byak.de\" target=\"_blank\" rel=\"noopener noreferrer\">www.byak.de<\/a><\/p>\n<p>Brandenburgische Architektenkammer<br \/>\nKurf\u00fcrstenstr. 52, 14467 Potsdam<br \/>\nTel. 03 31 \/ 2 75 91 &#8211; 0<br \/>\n<a href=\"https:\/\/www.ak-brandenburg.de\/\">www.ak-brandenburg.de<\/a><\/p>\n<p>Architektenkammer Berlin<br \/>\nAlte Jakobstrasse 148-149, 10969 Berlin<br \/>\nTel. 030 \/ 293 30 70<br \/>\n<a href=\"https:\/\/www.ak-berlin.de\" target=\"_blank\" rel=\"noopener noreferrer\">www.ak-berlin.de<\/a>\n<\/div>\n<\/div>\n<div class=\"divider-border\" style=\"border-top: 1px solid #eee; margin-top: 30px; margin-bottom: 30px;\"><\/div>\n<p>Der inhalt dieser seiten wurde sorgf\u00e4ltig bearbeitet und \u00fcberpr\u00fcft. zierhut architekten \u00fcbernehmen jedoch keine gew\u00e4hr f\u00fcr die aktualit\u00e4t, richtigkeit, vollst\u00e4ndigkeit der qualit\u00e4t der bereitgestellten informationen. haftungsanspr\u00fcche gegen zierhut architekten, die durch die nutzung oder nicht nutzung der dargebotenen information der durch fehlerhaft und unvollst\u00e4ndige informationen verursacht wurden, sind grunds\u00e4tzlich ausgeschlossen.<\/p>\n","protected":false},"excerpt":{"rendered":"<p>Der inhalt dieser seiten wurde sorgf\u00e4ltig bearbeitet und \u00fcberpr\u00fcft. zierhut architekten \u00fcbernehmen jedoch keine gew\u00e4hr f\u00fcr die aktualit\u00e4t, richtigkeit, vollst\u00e4ndigkeit der qualit\u00e4t der bereitgestellten informationen. haftungsanspr\u00fcche gegen zierhut architekten, die durch die nutzung oder nicht nutzung der dargebotenen information der durch fehlerhaft und unvollst\u00e4ndige informationen&#8230;<\/p>\n","protected":false},"author":2,"featured_media":0,"parent":0,"menu_order":0,"comment_status":"open","ping_status":"open","template":"","meta":{"footnotes":""},"_links":{"self":[{"href":"https:\/\/www.zierhut-architekten.de\/en\/wp-json\/wp\/v2\/pages\/1926"}],"collection":[{"href":"https:\/\/www.zierhut-architekten.de\/en\/wp-json\/wp\/v2\/pages"}],"about":[{"href":"https:\/\/www.zierhut-architekten.de\/en\/wp-json\/wp\/v2\/types\/page"}],"author":[{"embeddable":true,"href":"https:\/\/www.zierhut-architekten.de\/en\/wp-json\/wp\/v2\/users\/2"}],"replies":[{"embeddable":true,"href":"https:\/\/www.zierhut-architekten.de\/en\/wp-json\/wp\/v2\/comments?post=1926"}],"version-history":[{"count":2,"href":"https:\/\/www.zierhut-architekten.de\/en\/wp-json\/wp\/v2\/pages\/1926\/revisions"}],"predecessor-version":[{"id":3350,"href":"https:\/\/www.zierhut-architekten.de\/en\/wp-json\/wp\/v2\/pages\/1926\/revisions\/3350"}],"wp:attachment":[{"href":"https:\/\/www.zierhut-architekten.de\/en\/wp-json\/wp\/v2\/media?parent=1926"}],"curies":[{"name":"wp","href":"https:\/\/api.w.org\/{rel}","templated":true}]}}