{"id":1667,"date":"2014-06-27T14:26:16","date_gmt":"2014-06-27T12:26:16","guid":{"rendered":"http:\/\/zierhut.cmstest.de\/?page_id=1667"},"modified":"2025-09-16T16:20:18","modified_gmt":"2025-09-16T14:20:18","slug":"contact","status":"publish","type":"page","link":"https:\/\/www.zierhut-architekten.de\/en\/contact\/","title":{"rendered":"Contact"},"content":{"rendered":"<p><strong>OFFICE BERLIN:<\/strong><br \/>\n<a href=\"https:\/\/maps.app.goo.gl\/xbFaiwavN6Wwztzg8\" target=\"_blank\" rel=\"noopener noreferrer\">Gewerbehof B\u00fclowbogen, Geb\u00e4ude D4, B\u00fclowstrasse 66, 10783 Berlin<\/a><br \/>\nTelefon: <span class=\"smwhitetext\">+49 (0) 30\/695 66 88 41<\/span><br \/>\nFax: <span class=\"smwhitetext\">+49 (0) 30\/695 66 88 57<\/span><\/p>\n<p><strong>OFFICE BONN:<\/strong><br \/>\n<a href=\"https:\/\/goo.gl\/maps\/LvuoJyYHwSHisJBd9\" target=\"_blank\" rel=\"noopener noreferrer\">Rheinallee 36, 53173 Bonn<\/a><\/p>\n<p><strong>OFFICE M\u00dcNCHEN:<\/strong><br \/>\n<a href=\"https:\/\/goo.gl\/maps\/HHKK3fGYWpW94Mbi8\" target=\"_blank\" rel=\"noopener noreferrer\">Am Wasserberg 18, 82234 Wessling<\/a><\/p>\n<p><strong>Support<\/strong><br \/>\n<a href=\"mailto: buero@zierhut-architekten.de\">buero@zierhut-architekten.de<\/a><\/p>\n<p><a style=\"font-size: 1.3em; margin-top: 20px;\" href=\"https:\/\/www.zierhut-architekten.de\/en\/imprint\/\">Imprint<\/a><\/p>\n","protected":false},"excerpt":{"rendered":"<p>OFFICE BERLIN: Gewerbehof B\u00fclowbogen, Geb\u00e4ude D4, B\u00fclowstrasse 66, 10783 Berlin Telefon: +49 (0) 30\/695 66 88 41 Fax: +49 (0) 30\/695 66 88 57 OFFICE BONN: Rheinallee 36, 53173 Bonn OFFICE M\u00dcNCHEN: Am Wasserberg 18, 82234 Wessling Support buero@zierhut-architekten.de Imprint<\/p>\n","protected":false},"author":2,"featured_media":0,"parent":0,"menu_order":0,"comment_status":"open","ping_status":"open","template":"","meta":{"footnotes":""},"_links":{"self":[{"href":"https:\/\/www.zierhut-architekten.de\/en\/wp-json\/wp\/v2\/pages\/1667"}],"collection":[{"href":"https:\/\/www.zierhut-architekten.de\/en\/wp-json\/wp\/v2\/pages"}],"about":[{"href":"https:\/\/www.zierhut-architekten.de\/en\/wp-json\/wp\/v2\/types\/page"}],"author":[{"embeddable":true,"href":"https:\/\/www.zierhut-architekten.de\/en\/wp-json\/wp\/v2\/users\/2"}],"replies":[{"embeddable":true,"href":"https:\/\/www.zierhut-architekten.de\/en\/wp-json\/wp\/v2\/comments?post=1667"}],"version-history":[{"count":9,"href":"https:\/\/www.zierhut-architekten.de\/en\/wp-json\/wp\/v2\/pages\/1667\/revisions"}],"predecessor-version":[{"id":3449,"href":"https:\/\/www.zierhut-architekten.de\/en\/wp-json\/wp\/v2\/pages\/1667\/revisions\/3449"}],"wp:attachment":[{"href":"https:\/\/www.zierhut-architekten.de\/en\/wp-json\/wp\/v2\/media?parent=1667"}],"curies":[{"name":"wp","href":"https:\/\/api.w.org\/{rel}","templated":true}]}}